{"id":1858,"date":"2025-01-23T14:59:23","date_gmt":"2025-01-23T13:59:23","guid":{"rendered":"https:\/\/teresianaseuropa.org\/politica-de-cookies\/"},"modified":"2025-01-23T15:00:54","modified_gmt":"2025-01-23T14:00:54","slug":"politica-de-cookies","status":"publish","type":"page","link":"https:\/\/teresianaseuropa.org\/ca\/politica-de-cookies\/","title":{"rendered":"Pol\u00edtica de cookies"},"content":{"rendered":"\n<p>Aquesta pol\u00edtica de <em>cookies<\/em> s&#8217;elabora en el compliment de les obligacions previstes a l&#8217;article 22.2 de la Llei 34\/2002, d&#8217;11 de juliol, de serveis de la societat de la informaci\u00f3 i de comer\u00e7 electr\u00f2nic (d&#8217;ara endavant, LSSI), en relaci\u00f3 amb el Reglament General de Protecci\u00f3 de Dades (RGPD) i la Llei Org\u00e0nica 3\/2018, del 5 de desembre, de Protecci\u00f3 de Dades i garantia dels drets digitals (LOPDGDD), amb motiu de la revisi\u00f3 del Comit\u00e8 Europeu de Protecci\u00f3 de Dades (CEPD) el maig del 2020 a les Directrius 05\/2020 sobre consentiment.<\/p>\n\n<p><strong>1. DEFINICI\u00d3 I FUNCI\u00d3 DE LES COOKIES<\/strong><\/p>\n\n<p>Una <em>galeta<\/em> \u00e9s qualsevol tipus de dispositiu d&#8217;emmagatzematge i recuperaci\u00f3 de dades que s&#8217;utilitzi a l&#8217;equip terminal d&#8217;un usuari amb la finalitat d&#8217;emmagatzemar i recuperar la informaci\u00f3 ja emmagatzemada.<\/p>\n\n<p>Per a la utilitzaci\u00f3 d&#8217;aquesta web s&#8217;utilitzen <em>cookies<\/em> . Les <em>galetes<\/em> que es puguin utilitzar associen \u00fanicament amb el navegador d&#8217;un ordinador o dispositiu determinat (un usuari an\u00f2nim), i no proporcionen per elles mateixes cap dada personal de l&#8217;usuari. Es poden utilitzar els seg\u00fcents tipus de <em>cookies<\/em> , agrupades per la seva finalitat:  <\/p>\n\n<p><strong><u>&#8211; Cookies t\u00e8cniques:<\/u><\/strong> permeten a l&#8217;usuari la navegaci\u00f3 a trav\u00e9s de la p\u00e0gina web i la utilitzaci\u00f3 de les diferents opcions o serveis que hi existeixen; per exemple, controlar el tr\u00e0nsit i la comunicaci\u00f3 de dades, identificar la sessi\u00f3, accedir a parts d&#8217;acc\u00e9s restringit, recordar els elements que integren una comanda, fer el proc\u00e9s de compra d&#8217;una comanda, fer la sol\u00b7licitud d&#8217;inscripci\u00f3 o participaci\u00f3 en un esdeveniment , utilitzar elements de seguretat durant la navegaci\u00f3 o emmagatzemar, difondre i\/o compartir continguts. Aquestes <em>galetes<\/em> s\u00f3n <strong>necess\u00e0ries<\/strong> per al funcionament del servei ofert. <\/p>\n\n<p><strong><u>&#8211; Cookies de prefer\u00e8ncies o personalitzaci\u00f3:<\/u><\/strong> permeten recordar informaci\u00f3 perqu\u00e8 l&#8217;usuari accedisca al servei amb determinades caracter\u00edstiques que poden diferenciar la seua experi\u00e8ncia de la d&#8217;altres usuaris; per exemple, l&#8217;idioma, el nombre de resultats a mostrar quan l&#8217;usuari realitza una cerca, l&#8217;aspecte o el contingut del servei en funci\u00f3 del tipus de navegador a trav\u00e9s del qual l&#8217;usuari accedeix al servei o de la regi\u00f3 des de la qual accedeix al servei. , etc.<\/p>\n\n<p>Si \u00e9s el mateix usuari qui escull aquestes caracter\u00edstiques, les galetes de prefer\u00e8ncies estaran exceptuades de les obligacions de l&#8217;article 22.2 de la LSSI per considerar-se un servei expressament sol\u00b7licitat per l&#8217;usuari, i aix\u00f2 sempre que les galetes obeeixin exclusivament a la finalitat seleccionada.<\/p>\n\n<p><strong><u>&#8211; Galetes d&#8217;an\u00e0lisi o mesura:<\/u><\/strong> permeten quantificar el nombre d&#8217;usuaris i aix\u00ed realitzar el mesurament i l&#8217;an\u00e0lisi estad\u00edstica de la utilitzaci\u00f3 i activitat que fan els usuaris de la nostra p\u00e0gina web, aix\u00ed com elaborar perfils de navegaci\u00f3 dels usuaris en aquestes p\u00e0gines i en les nostres aplicacions, amb la finalitat d&#8217;introduir millores.<\/p>\n\n<p><strong><u>&#8211; Cookies de publicitat comportamental:<\/u><\/strong><strong> <\/strong>emmagatzemen informaci\u00f3 del comportament dels usuaris obtinguda a trav\u00e9s de l&#8217;observaci\u00f3 continuada dels seus h\u00e0bits de navegaci\u00f3, cosa que permet desenvolupar un perfil espec\u00edfic per mostrar publicitat en funci\u00f3 del mateix.<\/p>\n\n<p>Les galetes <strong>pr\u00f2pies<\/strong> s\u00f3n les creades o gestionades pel responsable de la p\u00e0gina web. Les galetes de <strong>tercers<\/strong> s\u00f3n les administrades per prestadors de serveis t\u00e8cnics, d&#8217;an\u00e0lisi, xarxes socials, de personalitzaci\u00f3 i de publicitat (inclosa publicitat comportamental) aliens al responsable de la p\u00e0gina web. <\/p>\n\n<p><strong>2. TIPUS DE COOKIES UTILITZADES<\/strong><\/p>\n\n<p>Les <em>cookies<\/em> utilitzades en aquesta p\u00e0gina web i la seva finalitat es detallen a continuaci\u00f3: <a href=\"#_ftn1\" id=\"_ftnref1\">[1]<\/a><\/p>\n\n<figure class=\"wp-block-table\"><table class=\"has-fixed-layout\"><tbody><tr><td><strong>Cookie<\/strong><\/td><td><strong>Titular<\/strong><\/td><td><strong>Durada<\/strong><\/td><td><strong>Categoria<\/strong><\/td><td><strong>Finalitat<\/strong><\/td><td><strong>Pol\u00edtica privadesa del titular<\/strong><\/td><\/tr><tr><td>_ ga<\/td><td>Google<\/td><td>2 anys<\/td><td>Cookie d&#8217;an\u00e0lisi<\/td><td>Es fa servir per distingir els usuaris.<\/td><td><a href=\"https:\/\/policies.google.com\/technologies\/cookies?hl=es&amp;fg=1\">https:\/\/policies.google.com\/technologies\/cookies?hl=es&amp;fg=1<\/a><\/td><\/tr><tr><td>_gat<\/td><td>Google<\/td><td>1 minut<\/td><td>Cookie d&#8217;an\u00e0lisi<\/td><td>Es fa servir per distingir els usuaris.<\/td><td><a href=\"https:\/\/policies.google.com\/technologies\/cookies?hl=es&amp;fg=1\">https:\/\/policies.google.com\/technologies\/cookies?hl=es&amp;fg=1<\/a><\/td><\/tr><tr><td>_gid<\/td><td>Google<\/td><td>24 hores<\/td><td>Cookie d&#8217;an\u00e0lisi<\/td><td>Es fa servir per limitar el percentatge de sol\u00b7licituds.<\/td><td><a href=\"https:\/\/policies.google.com\/technologies\/cookies?hl=es&amp;fg=1\">https:\/\/policies.google.com\/technologies\/cookies?hl=es&amp;fg=1<\/a><\/td><\/tr><\/tbody><\/table><\/figure>\n\n<h3 class=\"wp-block-heading\">3. CONFIGURAR COOKIES<\/h3>\n\n<figure class=\"wp-block-table\"><table class=\"has-fixed-layout\"><tbody><tr><td><strong>COOKIE<\/strong><\/td><td><strong>ACCEPTE<\/strong><\/td><td><strong>NO ACCEPTO<\/strong><\/td><\/tr><tr><td>\u00a0<\/td><td>\u00a0<\/td><td>\u00a0<\/td><\/tr><tr><td>\u00a0<\/td><td>\u00a0<\/td><td>\u00a0<\/td><\/tr><tr><td>\u00a0<\/td><td>\u00a0<\/td><td>\u00a0<\/td><\/tr><tr><td>\u00a0<\/td><td>\u00a0<\/td><td>\u00a0<\/td><\/tr><tr><td>\u00a0<\/td><td>\u00a0<\/td><td>\u00a0<\/td><\/tr><\/tbody><\/table><\/figure>\n\n<p>Aquesta p\u00e0gina web cont\u00e9 enlla\u00e7os a llocs web de tercers, les pol\u00edtiques de privadesa dels quals s\u00f3n alienes al titular d&#8217;aquesta web. En accedir a aquests llocs web vost\u00e8 pot decidir si accepta les seves pol\u00edtiques de privadesa i de cookies. <a href=\"#_ftn2\" id=\"_ftnref2\">[2]<\/a><\/p>\n\n<p><strong>3.1 DESACTIVAR O ELIMINAR COOKIES<\/strong><\/p>\n\n<p>L&#8217;usuari t\u00e9 la possibilitat de configurar el navegador per ser avisat en pantalla de la recepci\u00f3 de <em>cookies<\/em> i per evitar la seva instal\u00b7laci\u00f3 al disc dur. Tots els navegadors permeten fer canvis per tal de desactivar la configuraci\u00f3 de les <em>cookies<\/em> . Aquests par\u00e0metres es troben ubicats a les &#8220;opcions&#8221; o &#8220;prefer\u00e8ncies&#8221; del men\u00fa del vostre navegador. A continuaci\u00f3, podreu trobar els <em>links<\/em> de cada navegador per desactivar les <em>cookies<\/em> seguint les instruccions:   <\/p>\n\n<p> <strong>&#8211; Explorer:<\/strong> <a href=\"https:\/\/support.microsoft.com\/es-es\/help\/17442\/windows-internet-explorer-delete-manage-cookies\">https:\/\/support.microsoft.com\/es-es\/help\/17442\/windows-internet-explorer-delete-manage-cookies<\/a><\/p>\n\n<p> <strong>&#8211; Firefox:<\/strong> <a href=\"http:\/\/goo.gl\/F5pHX\">http:\/\/goo.gl\/F5pHX<\/a><\/p>\n\n<p><strong>&#8211;<\/strong> <strong>Chrome:<\/strong> <a href=\"http:\/\/support.google.com\/chrome\/bin\/answer.py?hl=es&amp;answer=95647\">http:\/\/support.google.com\/chrome\/bin\/answer.py?hl=ca&amp;answer=95647<\/a><\/p>\n\n<p><strong>&#8211; Google:<\/strong> <a href=\"https:\/\/tools.google.com\/dlpage\/gaoptout?hl=es\">https:\/\/tools.google.com\/dlpage\/gaoptout?hl=ca<\/a><strong><\/strong><\/p>\n\n<p><strong>&#8211; Safari:<\/strong> <a href=\"http:\/\/support.apple.com\/kb\/ph5042\">http:\/\/support.apple.com\/kb\/ph5042<\/a><\/p>\n\n<p><strong>&#8211; Opera:<\/strong> <a href=\"http:\/\/www.opera.com\/help\/tutorials\/security\/privacy\/\">http:\/\/www.opera.com\/help\/tutorials\/security\/privacy\/<\/a><\/p>\n\n<p>Us informem, per\u00f2, que hi ha la possibilitat que la desactivaci\u00f3 d&#8217;alguna <em>galeta<\/em> impedeixi o dificulti la navegaci\u00f3 o la prestaci\u00f3 dels serveis oferts en aquesta web.<\/p>\n\n<p><strong>4. TRANSFER\u00c8NCIES INTERNACIONALS<\/strong><\/p>\n\n<p>Podeu informar-vos de les transfer\u00e8ncies a tercers pa\u00efsos que, si escau, realitzen els tercers identificats en aquesta pol\u00edtica de <em>cookies<\/em> en les seves pol\u00edtiques corresponents:<\/p>\n\n<p>Google: <a href=\"https:\/\/policies.google.com\/privacy?hl=es\">https:\/\/policies.google.com\/privacy?hl=ca<\/a> <a href=\"#_ftn3\" id=\"_ftnref3\">[3]<\/a><\/p>\n\n<p><strong>5. DECISIONS AUTOMATITZADES<\/strong><\/p>\n\n<p>Aquestes <em>galetes<\/em> no s&#8217;utilitzen per elaborar perfils que impliquin una presa de decisions automatitzades que puguin comportar efectes jur\u00eddics per a l&#8217;usuari.<\/p>\n\n<p><strong>6. PER\u00cdODE DE CONSERVACI\u00d3<\/strong><\/p>\n\n<p><a>Les dades personals obtingudes a partir de l&#8217;\u00fas de les <em>cookies<\/em> seran conservades durant el termini indicat a la columna descriptiva \u201cDuraci\u00f3\u201d i, una vegada finalitzat aquest termini, durant els terminis de prescripci\u00f3 legals aplicables segons les diferents finalitats. les vostres dades seran suprimides. <\/a><\/p>\n\n<p><strong>7. M\u00c9S INFORMACI\u00d3<\/strong><\/p>\n\n<p>Per a m\u00e9s informaci\u00f3 sobre el tractament de les vostres dades podeu consultar la nostra Pol\u00edtica de privadesa.<\/p>\n\n<p>Si tingu\u00e9ssiu algun dubte, comentari o suggeriment sobre la Pol\u00edtica de Cookies, podeu adre\u00e7ar-vos per escrit a l&#8217;adre\u00e7a de correu electr\u00f2nic (ptesecretariaauxiliar@stjteresianas.org) <a href=\"#_ftn4\" id=\"_ftnref4\">[4]<\/a> .<\/p>\n\n<hr class=\"wp-block-separator has-alpha-channel-opacity\"\/>\n\n<p><a href=\"#_ftnref1\" id=\"_ftn1\">[1]<\/a> Acompanyo un model de taula informativa, cal emplenar-lo amb la informaci\u00f3 de les cookies en \u00fas.<\/p>\n\n<p><a href=\"#_ftnref2\" id=\"_ftn2\">[2]<\/a> Si teniu enlla\u00e7os a altres p\u00e0gines<\/p>\n\n<p><a href=\"#_ftnref3\" id=\"_ftn3\">[3]<\/a> Per exemple, si feu servir galetes gestionades per Google<\/p>\n\n<p><a href=\"#_ftnref4\" id=\"_ftn4\">[4]<\/a> Correu de l&#8217;inform\u00e0tic<\/p>\n","protected":false},"excerpt":{"rendered":"<p>Aquesta pol\u00edtica de cookies s&#8217;elabora en el compliment de les obligacions previstes a l&#8217;article 22.2 de la Llei 34\/2002, d&#8217;11 de juliol, de serveis de la societat de la informaci\u00f3 [&hellip;]<\/p>\n","protected":false},"author":1,"featured_media":0,"parent":0,"menu_order":0,"comment_status":"closed","ping_status":"closed","template":"","meta":{"_et_pb_use_builder":"off","_et_pb_old_content":"","_et_gb_content_width":"","footnotes":""},"class_list":["post-1858","page","type-page","status-publish","hentry"],"yoast_head":"<!-- This site is optimized with the Yoast SEO plugin v27.5 - https:\/\/yoast.com\/product\/yoast-seo-wordpress\/ -->\n<title>Pol\u00edtica de cookies - Teresianas<\/title>\n<meta name=\"robots\" content=\"index, follow, max-snippet:-1, max-image-preview:large, max-video-preview:-1\" \/>\n<link rel=\"canonical\" href=\"https:\/\/teresianaseuropa.org\/ca\/politica-de-cookies\/\" \/>\n<meta property=\"og:locale\" content=\"ca_ES\" \/>\n<meta property=\"og:type\" content=\"article\" \/>\n<meta property=\"og:title\" content=\"Pol\u00edtica de cookies - Teresianas\" \/>\n<meta property=\"og:description\" content=\"Aquesta pol\u00edtica de cookies s&#8217;elabora en el compliment de les obligacions previstes a l&#8217;article 22.2 de la Llei 34\/2002, d&#8217;11 de juliol, de serveis de la societat de la informaci\u00f3 [&hellip;]\" \/>\n<meta property=\"og:url\" content=\"https:\/\/teresianaseuropa.org\/ca\/politica-de-cookies\/\" \/>\n<meta property=\"og:site_name\" content=\"Teresianas\" \/>\n<meta property=\"article:modified_time\" content=\"2025-01-23T14:00:54+00:00\" \/>\n<meta name=\"twitter:card\" content=\"summary_large_image\" \/>\n<meta name=\"twitter:label1\" content=\"Temps estimat de lectura\" \/>\n\t<meta name=\"twitter:data1\" content=\"5 minuts\" \/>\n<script type=\"application\/ld+json\" class=\"yoast-schema-graph\">{\"@context\":\"https:\\\/\\\/schema.org\",\"@graph\":[{\"@type\":\"WebPage\",\"@id\":\"https:\\\/\\\/teresianaseuropa.org\\\/ca\\\/politica-de-cookies\\\/\",\"url\":\"https:\\\/\\\/teresianaseuropa.org\\\/ca\\\/politica-de-cookies\\\/\",\"name\":\"Pol\u00edtica de cookies - Teresianas\",\"isPartOf\":{\"@id\":\"https:\\\/\\\/teresianaseuropa.org\\\/ca\\\/#website\"},\"datePublished\":\"2025-01-23T13:59:23+00:00\",\"dateModified\":\"2025-01-23T14:00:54+00:00\",\"breadcrumb\":{\"@id\":\"https:\\\/\\\/teresianaseuropa.org\\\/ca\\\/politica-de-cookies\\\/#breadcrumb\"},\"inLanguage\":\"ca\",\"potentialAction\":[{\"@type\":\"ReadAction\",\"target\":[\"https:\\\/\\\/teresianaseuropa.org\\\/ca\\\/politica-de-cookies\\\/\"]}]},{\"@type\":\"BreadcrumbList\",\"@id\":\"https:\\\/\\\/teresianaseuropa.org\\\/ca\\\/politica-de-cookies\\\/#breadcrumb\",\"itemListElement\":[{\"@type\":\"ListItem\",\"position\":1,\"name\":\"Portada\",\"item\":\"https:\\\/\\\/teresianaseuropa.org\\\/ca\\\/teresianes\\\/\"},{\"@type\":\"ListItem\",\"position\":2,\"name\":\"Pol\u00edtica de cookies\"}]},{\"@type\":\"WebSite\",\"@id\":\"https:\\\/\\\/teresianaseuropa.org\\\/ca\\\/#website\",\"url\":\"https:\\\/\\\/teresianaseuropa.org\\\/ca\\\/\",\"name\":\"Teresianas Europa\",\"description\":\"\",\"publisher\":{\"@id\":\"https:\\\/\\\/teresianaseuropa.org\\\/ca\\\/#organization\"},\"potentialAction\":[{\"@type\":\"SearchAction\",\"target\":{\"@type\":\"EntryPoint\",\"urlTemplate\":\"https:\\\/\\\/teresianaseuropa.org\\\/ca\\\/?s={search_term_string}\"},\"query-input\":{\"@type\":\"PropertyValueSpecification\",\"valueRequired\":true,\"valueName\":\"search_term_string\"}}],\"inLanguage\":\"ca\"},{\"@type\":\"Organization\",\"@id\":\"https:\\\/\\\/teresianaseuropa.org\\\/ca\\\/#organization\",\"name\":\"Teresianas Provincia de Europa\",\"url\":\"https:\\\/\\\/teresianaseuropa.org\\\/ca\\\/\",\"logo\":{\"@type\":\"ImageObject\",\"inLanguage\":\"ca\",\"@id\":\"https:\\\/\\\/teresianaseuropa.org\\\/ca\\\/#\\\/schema\\\/logo\\\/image\\\/\",\"url\":\"https:\\\/\\\/teresianaseuropa.org\\\/wp-content\\\/uploads\\\/2024\\\/07\\\/stjLogo.png\",\"contentUrl\":\"https:\\\/\\\/teresianaseuropa.org\\\/wp-content\\\/uploads\\\/2024\\\/07\\\/stjLogo.png\",\"width\":376,\"height\":194,\"caption\":\"Teresianas Provincia de Europa\"},\"image\":{\"@id\":\"https:\\\/\\\/teresianaseuropa.org\\\/ca\\\/#\\\/schema\\\/logo\\\/image\\\/\"},\"sameAs\":[\"https:\\\/\\\/www.instagram.com\\\/teresianaseuropa\\\/\"]}]}<\/script>\n<!-- \/ Yoast SEO plugin. -->","yoast_head_json":{"title":"Pol\u00edtica de cookies - Teresianas","robots":{"index":"index","follow":"follow","max-snippet":"max-snippet:-1","max-image-preview":"max-image-preview:large","max-video-preview":"max-video-preview:-1"},"canonical":"https:\/\/teresianaseuropa.org\/ca\/politica-de-cookies\/","og_locale":"ca_ES","og_type":"article","og_title":"Pol\u00edtica de cookies - Teresianas","og_description":"Aquesta pol\u00edtica de cookies s&#8217;elabora en el compliment de les obligacions previstes a l&#8217;article 22.2 de la Llei 34\/2002, d&#8217;11 de juliol, de serveis de la societat de la informaci\u00f3 [&hellip;]","og_url":"https:\/\/teresianaseuropa.org\/ca\/politica-de-cookies\/","og_site_name":"Teresianas","article_modified_time":"2025-01-23T14:00:54+00:00","twitter_card":"summary_large_image","twitter_misc":{"Temps estimat de lectura":"5 minuts"},"schema":{"@context":"https:\/\/schema.org","@graph":[{"@type":"WebPage","@id":"https:\/\/teresianaseuropa.org\/ca\/politica-de-cookies\/","url":"https:\/\/teresianaseuropa.org\/ca\/politica-de-cookies\/","name":"Pol\u00edtica de cookies - Teresianas","isPartOf":{"@id":"https:\/\/teresianaseuropa.org\/ca\/#website"},"datePublished":"2025-01-23T13:59:23+00:00","dateModified":"2025-01-23T14:00:54+00:00","breadcrumb":{"@id":"https:\/\/teresianaseuropa.org\/ca\/politica-de-cookies\/#breadcrumb"},"inLanguage":"ca","potentialAction":[{"@type":"ReadAction","target":["https:\/\/teresianaseuropa.org\/ca\/politica-de-cookies\/"]}]},{"@type":"BreadcrumbList","@id":"https:\/\/teresianaseuropa.org\/ca\/politica-de-cookies\/#breadcrumb","itemListElement":[{"@type":"ListItem","position":1,"name":"Portada","item":"https:\/\/teresianaseuropa.org\/ca\/teresianes\/"},{"@type":"ListItem","position":2,"name":"Pol\u00edtica de cookies"}]},{"@type":"WebSite","@id":"https:\/\/teresianaseuropa.org\/ca\/#website","url":"https:\/\/teresianaseuropa.org\/ca\/","name":"Teresianas Europa","description":"","publisher":{"@id":"https:\/\/teresianaseuropa.org\/ca\/#organization"},"potentialAction":[{"@type":"SearchAction","target":{"@type":"EntryPoint","urlTemplate":"https:\/\/teresianaseuropa.org\/ca\/?s={search_term_string}"},"query-input":{"@type":"PropertyValueSpecification","valueRequired":true,"valueName":"search_term_string"}}],"inLanguage":"ca"},{"@type":"Organization","@id":"https:\/\/teresianaseuropa.org\/ca\/#organization","name":"Teresianas Provincia de Europa","url":"https:\/\/teresianaseuropa.org\/ca\/","logo":{"@type":"ImageObject","inLanguage":"ca","@id":"https:\/\/teresianaseuropa.org\/ca\/#\/schema\/logo\/image\/","url":"https:\/\/teresianaseuropa.org\/wp-content\/uploads\/2024\/07\/stjLogo.png","contentUrl":"https:\/\/teresianaseuropa.org\/wp-content\/uploads\/2024\/07\/stjLogo.png","width":376,"height":194,"caption":"Teresianas Provincia de Europa"},"image":{"@id":"https:\/\/teresianaseuropa.org\/ca\/#\/schema\/logo\/image\/"},"sameAs":["https:\/\/www.instagram.com\/teresianaseuropa\/"]}]}},"_links":{"self":[{"href":"https:\/\/teresianaseuropa.org\/ca\/wp-json\/wp\/v2\/pages\/1858","targetHints":{"allow":["GET"]}}],"collection":[{"href":"https:\/\/teresianaseuropa.org\/ca\/wp-json\/wp\/v2\/pages"}],"about":[{"href":"https:\/\/teresianaseuropa.org\/ca\/wp-json\/wp\/v2\/types\/page"}],"author":[{"embeddable":true,"href":"https:\/\/teresianaseuropa.org\/ca\/wp-json\/wp\/v2\/users\/1"}],"replies":[{"embeddable":true,"href":"https:\/\/teresianaseuropa.org\/ca\/wp-json\/wp\/v2\/comments?post=1858"}],"version-history":[{"count":1,"href":"https:\/\/teresianaseuropa.org\/ca\/wp-json\/wp\/v2\/pages\/1858\/revisions"}],"predecessor-version":[{"id":1859,"href":"https:\/\/teresianaseuropa.org\/ca\/wp-json\/wp\/v2\/pages\/1858\/revisions\/1859"}],"wp:attachment":[{"href":"https:\/\/teresianaseuropa.org\/ca\/wp-json\/wp\/v2\/media?parent=1858"}],"curies":[{"name":"wp","href":"https:\/\/api.w.org\/{rel}","templated":true}]}}