{"id":1856,"date":"2025-01-23T14:59:23","date_gmt":"2025-01-23T13:59:23","guid":{"rendered":"https:\/\/teresianaseuropa.org\/politica-de-cookies\/"},"modified":"2025-01-23T15:00:55","modified_gmt":"2025-01-23T14:00:55","slug":"politica-de-cookies","status":"publish","type":"page","link":"https:\/\/teresianaseuropa.org\/pt-pt\/politica-de-cookies\/","title":{"rendered":"Pol\u00edtica de cookies"},"content":{"rendered":"\n<p>Esta pol\u00edtica <em>de cookies<\/em> \u00e9 elaborada em conformidade com as obriga\u00e7\u00f5es estabelecidas no artigo 22.2 da Lei 34\/2002, de 11 de julho, sobre servi\u00e7os da sociedade da informa\u00e7\u00e3o e com\u00e9rcio eletr\u00f4nico (doravante, LSSI), em rela\u00e7\u00e3o ao Regulamento Geral de Prote\u00e7\u00e3o de Dados (RGPD) e Lei Org\u00e2nica 3\/2018, de 5 de dezembro, sobre Prote\u00e7\u00e3o de Dados e garantia de direitos digitais (LOPDGDD), por ocasi\u00e3o da revis\u00e3o do Comit\u00ea Europeu de Prote\u00e7\u00e3o de Dados (ECDC) em maio de 2020 nas Diretrizes 05\/2020 sobre consentimento.<\/p>\n\n<p><strong>1. DEFINI\u00c7\u00c3O E FUN\u00c7\u00c3O DOS COOKIES<\/strong><\/p>\n\n<p>Um <em>cookie<\/em> \u00e9 qualquer tipo de dispositivo de armazenamento e recupera\u00e7\u00e3o de dados que \u00e9 utilizado no equipamento terminal de um utilizador com o objetivo de armazenar informa\u00e7\u00f5es e recuperar informa\u00e7\u00f5es j\u00e1 armazenadas.<\/p>\n\n<p><em>Os cookies<\/em> s\u00e3o utilizados para a utiliza\u00e7\u00e3o deste s\u00edtio Web. <em>Os cookies<\/em> que podem ser utilizados est\u00e3o apenas associados ao navegador de um computador ou dispositivo espec\u00edfico (um utilizador an\u00f3nimo) e n\u00e3o fornecem, por si s\u00f3, quaisquer dados pessoais sobre o utilizador. Podem ser utilizados os seguintes tipos de <em>cookies<\/em>, agrupados de acordo com a sua finalidade:  <\/p>\n\n<p><strong><u>&#8211; Cookies t\u00e9cnicos:<\/u><\/strong> Permitem ao utilizador navegar pelo site e utilizar as diferentes op\u00e7\u00f5es ou servi\u00e7os nele existentes; por exemplo, controlar o tr\u00e1fego e a comunica\u00e7\u00e3o de dados, identificar a sess\u00e3o, aceder a partes de acesso restrito, recordar os elementos que comp\u00f5em uma encomenda, realizar o processo de compra de uma encomenda, realizar o pedido de inscri\u00e7\u00e3o ou participa\u00e7\u00e3o num evento, utilizar elementos de seguran\u00e7a durante a navega\u00e7\u00e3o ou armazenar, difundir e\/ou partilhar conte\u00fados. Estes <em>cookies<\/em> s\u00e3o <strong>necess\u00e1rios<\/strong> para o funcionamento do servi\u00e7o oferecido. <\/p>\n\n<p><strong><u>&#8211; Cookies de prefer\u00eancias ou de personaliza\u00e7\u00e3o:<\/u><\/strong> Permitem recordar informa\u00e7\u00f5es para que o utilizador aceda ao servi\u00e7o com determinadas carater\u00edsticas que podem diferenciar a sua experi\u00eancia da de outros utilizadores; por exemplo, o idioma, o n\u00famero de resultados a apresentar quando o utilizador faz uma pesquisa, o aspeto ou o conte\u00fado do servi\u00e7o em fun\u00e7\u00e3o do tipo de navegador atrav\u00e9s do qual o utilizador acede ao servi\u00e7o ou da regi\u00e3o a partir da qual acede ao servi\u00e7o, etc.<\/p>\n\n<p>Se for o pr\u00f3prio utilizador a escolher estas carater\u00edsticas, os cookies de prefer\u00eancia estar\u00e3o isentos das obriga\u00e7\u00f5es do artigo 22.2 da LSSI, uma vez que s\u00e3o considerados um servi\u00e7o expressamente solicitado pelo utilizador, desde que os cookies se destinem exclusivamente \u00e0 finalidade selecionada.<\/p>\n\n<p><strong><u>&#8211; Cookies de an\u00e1lise ou medi\u00e7\u00e3o:<\/u><\/strong> Permitem-nos quantificar o n\u00famero de utilizadores e, assim, realizar a medi\u00e7\u00e3o e a an\u00e1lise estat\u00edstica da utiliza\u00e7\u00e3o e da atividade dos utilizadores do nosso s\u00edtio Web, bem como elaborar perfis de navega\u00e7\u00e3o dos utilizadores nestas p\u00e1ginas e nas nossas aplica\u00e7\u00f5es, tudo com o objetivo de introduzir melhorias.<\/p>\n\n<p><strong><u>&#8211; Cookies de publicidade comportamental:<\/u><\/strong><strong> <\/strong>armazenam informa\u00e7\u00f5es sobre o comportamento do utilizador obtidas atrav\u00e9s da observa\u00e7\u00e3o cont\u00ednua dos seus h\u00e1bitos de navega\u00e7\u00e3o, o que permite desenvolver um perfil espec\u00edfico para apresentar publicidade com base no mesmo.<\/p>\n\n<p>Os cookies <strong>pr\u00f3prios<\/strong> s\u00e3o os criados ou geridos pelo respons\u00e1vel pelo s\u00edtio Web. Os cookies <strong>de terceiros<\/strong> s\u00e3o os geridos por prestadores de servi\u00e7os t\u00e9cnicos, de an\u00e1lise, de redes sociais, de personaliza\u00e7\u00e3o e de publicidade (incluindo a publicidade comportamental) exteriores ao gestor do s\u00edtio. <\/p>\n\n<p><strong>2. TIPO DE COOKIES UTILIZADOS<\/strong><\/p>\n\n<p>Os <em>cookies<\/em> utilizados neste s\u00edtio Web e a sua finalidade s\u00e3o descritos abaixo:<a href=\"#_ftn1\" id=\"_ftnref1\">[1]<\/a>.<\/p>\n\n<figure class=\"wp-block-table\"><table class=\"has-fixed-layout\"><tbody><tr><td><strong>Biscoito<\/strong><\/td><td><strong>Titular<\/strong><\/td><td><strong>Dura\u00e7\u00e3o<\/strong><\/td><td><strong>Categoria<\/strong><\/td><td><strong>Objetivo<\/strong><\/td><td><strong>Pol\u00edtica de privacidade do titular<\/strong><\/td><\/tr><tr><td>N\u00e3o te preocupes.<\/td><td>Google<\/td><td>2 anos<\/td><td>Cookie anal\u00edtico<\/td><td>\u00c9 utilizado para distinguir os utilizadores.<\/td><td><a href=\"https:\/\/policies.google.com\/technologies\/cookies?hl=es&amp;fg=1\">https:\/\/policies.google.com\/technologies\/cookies?hl=es&amp;fg=1<\/a><\/td><\/tr><tr><td>N\u00e3o te preocupes.<\/td><td>Google<\/td><td>1 minuto<\/td><td>Cookie anal\u00edtico<\/td><td>\u00c9 utilizado para distinguir os utilizadores.<\/td><td><a href=\"https:\/\/policies.google.com\/technologies\/cookies?hl=es&amp;fg=1\">https:\/\/policies.google.com\/technologies\/cookies?hl=es&amp;fg=1<\/a><\/td><\/tr><tr><td>_gid<\/td><td>Google<\/td><td>24 horas<\/td><td>Cookie anal\u00edtico<\/td><td>Utiliza para limitar a percentagem de pedidos.<\/td><td><a href=\"https:\/\/policies.google.com\/technologies\/cookies?hl=es&amp;fg=1\">https:\/\/policies.google.com\/technologies\/cookies?hl=es&amp;fg=1<\/a><\/td><\/tr><\/tbody><\/table><\/figure>\n\n<h3 class=\"wp-block-heading\">3. DEFINIR COOKIES<\/h3>\n\n<figure class=\"wp-block-table\"><table class=\"has-fixed-layout\"><tbody><tr><td><strong>COOKIE<\/strong><\/td><td><strong>ACEITO<\/strong><\/td><td><strong>N\u00c3O ACEITO<\/strong><\/td><\/tr><tr><td>\u00a0<\/td><td>\u00a0<\/td><td>\u00a0<\/td><\/tr><tr><td>\u00a0<\/td><td>\u00a0<\/td><td>\u00a0<\/td><\/tr><tr><td>\u00a0<\/td><td>\u00a0<\/td><td>\u00a0<\/td><\/tr><tr><td>\u00a0<\/td><td>\u00a0<\/td><td>\u00a0<\/td><\/tr><tr><td>\u00a0<\/td><td>\u00a0<\/td><td>\u00a0<\/td><\/tr><\/tbody><\/table><\/figure>\n\n<p>Este s\u00edtio Web cont\u00e9m liga\u00e7\u00f5es a s\u00edtios Web de terceiros, cujas pol\u00edticas de privacidade s\u00e3o externas ao propriet\u00e1rio deste s\u00edtio Web. Ao aceder a esses s\u00edtios, podes decidir se aceitas as suas pol\u00edticas de privacidade e de cookies. <a href=\"#_ftn2\" id=\"_ftnref2\">[2]<\/a><\/p>\n\n<p><strong>3.1 DESACTIVAR OU APAGAR COOKIES<\/strong><\/p>\n\n<p>O utilizador tem a possibilidade de configurar o seu navegador para ser notificado no ecr\u00e3 da rece\u00e7\u00e3o de <em>cookies<\/em> e para impedir a sua instala\u00e7\u00e3o no seu disco r\u00edgido. Todos os browsers permitem efetuar altera\u00e7\u00f5es para desativar a configura\u00e7\u00e3o dos <em>cookies<\/em>. Estas defini\u00e7\u00f5es encontram-se no menu &#8220;op\u00e7\u00f5es&#8221; ou &#8220;prefer\u00eancias&#8221; do teu navegador. Abaixo, podes encontrar as <em>liga\u00e7\u00f5es<\/em> para cada navegador para desativar <em>os cookies<\/em> seguindo as instru\u00e7\u00f5es:   <\/p>\n\n<p> <strong>&#8211; Explora:<\/strong> <a href=\"https:\/\/support.microsoft.com\/es-es\/help\/17442\/windows-internet-explorer-delete-manage-cookies\">https:\/\/support.microsoft.com\/es-es\/help\/17442\/windows-internet-explorer-delete-manage-cookies<\/a><\/p>\n\n<p> <strong> &#8211; Utiliza o Firefox:<\/strong> <a href=\"http:\/\/goo.gl\/F5pHX\">http:\/\/goo.gl\/F5pHX<\/a><\/p>\n\n<p><strong>&#8211;<\/strong><strong>Clica no Chrome: <\/strong><a href=\"http:\/\/support.google.com\/chrome\/bin\/answer.py?hl=es&amp;answer=95647\">http:\/\/support.google.com\/chrome\/bin\/answer.py?hl=es&amp;answer=95647<\/a><\/p>\n\n<p><strong>&#8211; Procura no Google: <\/strong><a href=\"https:\/\/tools.google.com\/dlpage\/gaoptout?hl=es\">https:\/\/tools.google.com\/dlpage\/gaoptout?hl=es<\/a><strong><\/strong><\/p>\n\n<p><strong>&#8211; Safari:<\/strong> <a href=\"http:\/\/support.apple.com\/kb\/ph5042\">http:\/\/support.apple.com\/kb\/ph5042<\/a><\/p>\n\n<p><strong>&#8211; Opera:<\/strong> <a href=\"http:\/\/www.opera.com\/help\/tutorials\/security\/privacy\/\">http:\/\/www.opera.com\/help\/tutorials\/security\/privacy\/<\/a><\/p>\n\n<p>Informamos-te, no entanto, que \u00e9 poss\u00edvel que a desativa\u00e7\u00e3o de um <em>cookie<\/em> impe\u00e7a ou dificulte a navega\u00e7\u00e3o ou a presta\u00e7\u00e3o dos servi\u00e7os oferecidos neste site.<\/p>\n\n<p><strong>4. TRANSFER\u00caNCIAS INTERNACIONAIS<\/strong><\/p>\n\n<p>Podes saber mais sobre as transfer\u00eancias para pa\u00edses terceiros que, quando aplic\u00e1vel, s\u00e3o feitas pelos terceiros identificados nesta pol\u00edtica <em>de cookies<\/em> nas suas pol\u00edticas correspondentes:<\/p>\n\n<p>Google: <a href=\"https:\/\/policies.google.com\/privacy?hl=es\">https:\/\/policies.google.com\/privacy?hl=es<\/a> <a href=\"#_ftn3\" id=\"_ftnref3\">[3]<\/a><\/p>\n\n<p><strong>5. DECIS\u00d5ES AUTOMATIZADAS<\/strong><\/p>\n\n<p>Estes <em>cookies<\/em> n\u00e3o s\u00e3o utilizados para fins de defini\u00e7\u00e3o de perfis que envolvam decis\u00f5es automatizadas que possam ter efeitos legais para o utilizador.<\/p>\n\n<p><strong>6. PER\u00cdODO DE RETEN\u00c7\u00c3O<\/strong><\/p>\n\n<p><a>Os dados pessoais obtidos atrav\u00e9s da utiliza\u00e7\u00e3o de <em>cookies<\/em> ser\u00e3o conservados durante o per\u00edodo indicado na coluna &#8220;Dura\u00e7\u00e3o&#8221; e, ap\u00f3s esse per\u00edodo, durante os prazos de prescri\u00e7\u00e3o legais aplic\u00e1veis \u00e0s diferentes finalidades. Uma vez terminado este per\u00edodo, os teus dados ser\u00e3o eliminados. <\/a><\/p>\n\n<p><strong>7. MAIS INFORMA\u00c7\u00d5ES<\/strong><\/p>\n\n<p>Para mais informa\u00e7\u00f5es sobre a forma como processamos os teus dados, consulta a nossa Pol\u00edtica de Privacidade.<\/p>\n\n<p>Se tiveres alguma d\u00favida, coment\u00e1rio ou sugest\u00e3o sobre a Pol\u00edtica de Cookies, podes escrever para o endere\u00e7o de correio eletr\u00f3nico (ptesecretariaauxiliar@stjteresianas.org)<a href=\"#_ftn4\" id=\"_ftnref4\">[4].<\/a><\/p>\n\n<hr class=\"wp-block-separator has-alpha-channel-opacity\"\/>\n\n<p>[<a href=\"#_ftnref1\" id=\"_ftn1\">1]<\/a> Junto envio um modelo de quadro informativo, a preencher com as informa\u00e7\u00f5es sobre os cookies utilizados.<\/p>\n\n<p>[<a href=\"#_ftnref2\" id=\"_ftn2\">2]<\/a> Se tiveres links para outros sites<\/p>\n\n<p>[<a href=\"#_ftnref3\" id=\"_ftn3\">3]<\/a> Por exemplo, se utilizares cookies geridos pela Google<\/p>\n\n<p>[<a href=\"#_ftnref4\" id=\"_ftn4\">4]<\/a> Correio do inform\u00e1tico<\/p>\n","protected":false},"excerpt":{"rendered":"<p>Esta pol\u00edtica de cookies \u00e9 elaborada em conformidade com as obriga\u00e7\u00f5es estabelecidas no artigo 22.2 da Lei 34\/2002, de 11 de julho, sobre servi\u00e7os da sociedade da informa\u00e7\u00e3o e com\u00e9rcio [&hellip;]<\/p>\n","protected":false},"author":1,"featured_media":0,"parent":0,"menu_order":0,"comment_status":"closed","ping_status":"closed","template":"","meta":{"_et_pb_use_builder":"off","_et_pb_old_content":"","_et_gb_content_width":"","footnotes":""},"class_list":["post-1856","page","type-page","status-publish","hentry"],"yoast_head":"<!-- This site is optimized with the Yoast SEO plugin v27.5 - https:\/\/yoast.com\/product\/yoast-seo-wordpress\/ -->\n<title>Pol\u00edtica de cookies - Teresianas<\/title>\n<meta name=\"robots\" content=\"index, follow, max-snippet:-1, max-image-preview:large, max-video-preview:-1\" \/>\n<link rel=\"canonical\" href=\"https:\/\/teresianaseuropa.org\/pt-pt\/politica-de-cookies\/\" \/>\n<meta property=\"og:locale\" content=\"pt_PT\" \/>\n<meta property=\"og:type\" content=\"article\" \/>\n<meta property=\"og:title\" content=\"Pol\u00edtica de cookies - Teresianas\" \/>\n<meta property=\"og:description\" content=\"Esta pol\u00edtica de cookies \u00e9 elaborada em conformidade com as obriga\u00e7\u00f5es estabelecidas no artigo 22.2 da Lei 34\/2002, de 11 de julho, sobre servi\u00e7os da sociedade da informa\u00e7\u00e3o e com\u00e9rcio [&hellip;]\" \/>\n<meta property=\"og:url\" content=\"https:\/\/teresianaseuropa.org\/pt-pt\/politica-de-cookies\/\" \/>\n<meta property=\"og:site_name\" content=\"Teresianas\" \/>\n<meta property=\"article:modified_time\" content=\"2025-01-23T14:00:55+00:00\" \/>\n<meta name=\"twitter:card\" content=\"summary_large_image\" \/>\n<meta name=\"twitter:label1\" content=\"Tempo estimado de leitura\" \/>\n\t<meta name=\"twitter:data1\" content=\"6 minutos\" \/>\n<script type=\"application\/ld+json\" class=\"yoast-schema-graph\">{\"@context\":\"https:\\\/\\\/schema.org\",\"@graph\":[{\"@type\":\"WebPage\",\"@id\":\"https:\\\/\\\/teresianaseuropa.org\\\/pt-pt\\\/politica-de-cookies\\\/\",\"url\":\"https:\\\/\\\/teresianaseuropa.org\\\/pt-pt\\\/politica-de-cookies\\\/\",\"name\":\"Pol\u00edtica de cookies - Teresianas\",\"isPartOf\":{\"@id\":\"https:\\\/\\\/teresianaseuropa.org\\\/pt-pt\\\/#website\"},\"datePublished\":\"2025-01-23T13:59:23+00:00\",\"dateModified\":\"2025-01-23T14:00:55+00:00\",\"breadcrumb\":{\"@id\":\"https:\\\/\\\/teresianaseuropa.org\\\/pt-pt\\\/politica-de-cookies\\\/#breadcrumb\"},\"inLanguage\":\"pt-PT\",\"potentialAction\":[{\"@type\":\"ReadAction\",\"target\":[\"https:\\\/\\\/teresianaseuropa.org\\\/pt-pt\\\/politica-de-cookies\\\/\"]}]},{\"@type\":\"BreadcrumbList\",\"@id\":\"https:\\\/\\\/teresianaseuropa.org\\\/pt-pt\\\/politica-de-cookies\\\/#breadcrumb\",\"itemListElement\":[{\"@type\":\"ListItem\",\"position\":1,\"name\":\"Portada\",\"item\":\"https:\\\/\\\/teresianaseuropa.org\\\/pt-pt\\\/irmas-teresianas\\\/\"},{\"@type\":\"ListItem\",\"position\":2,\"name\":\"Pol\u00edtica de cookies\"}]},{\"@type\":\"WebSite\",\"@id\":\"https:\\\/\\\/teresianaseuropa.org\\\/pt-pt\\\/#website\",\"url\":\"https:\\\/\\\/teresianaseuropa.org\\\/pt-pt\\\/\",\"name\":\"Teresianas Europa\",\"description\":\"\",\"publisher\":{\"@id\":\"https:\\\/\\\/teresianaseuropa.org\\\/pt-pt\\\/#organization\"},\"potentialAction\":[{\"@type\":\"SearchAction\",\"target\":{\"@type\":\"EntryPoint\",\"urlTemplate\":\"https:\\\/\\\/teresianaseuropa.org\\\/pt-pt\\\/?s={search_term_string}\"},\"query-input\":{\"@type\":\"PropertyValueSpecification\",\"valueRequired\":true,\"valueName\":\"search_term_string\"}}],\"inLanguage\":\"pt-PT\"},{\"@type\":\"Organization\",\"@id\":\"https:\\\/\\\/teresianaseuropa.org\\\/pt-pt\\\/#organization\",\"name\":\"Teresianas Provincia de Europa\",\"url\":\"https:\\\/\\\/teresianaseuropa.org\\\/pt-pt\\\/\",\"logo\":{\"@type\":\"ImageObject\",\"inLanguage\":\"pt-PT\",\"@id\":\"https:\\\/\\\/teresianaseuropa.org\\\/pt-pt\\\/#\\\/schema\\\/logo\\\/image\\\/\",\"url\":\"https:\\\/\\\/teresianaseuropa.org\\\/wp-content\\\/uploads\\\/2024\\\/07\\\/stjLogo.png\",\"contentUrl\":\"https:\\\/\\\/teresianaseuropa.org\\\/wp-content\\\/uploads\\\/2024\\\/07\\\/stjLogo.png\",\"width\":376,\"height\":194,\"caption\":\"Teresianas Provincia de Europa\"},\"image\":{\"@id\":\"https:\\\/\\\/teresianaseuropa.org\\\/pt-pt\\\/#\\\/schema\\\/logo\\\/image\\\/\"},\"sameAs\":[\"https:\\\/\\\/www.instagram.com\\\/teresianaseuropa\\\/\"]}]}<\/script>\n<!-- \/ Yoast SEO plugin. -->","yoast_head_json":{"title":"Pol\u00edtica de cookies - Teresianas","robots":{"index":"index","follow":"follow","max-snippet":"max-snippet:-1","max-image-preview":"max-image-preview:large","max-video-preview":"max-video-preview:-1"},"canonical":"https:\/\/teresianaseuropa.org\/pt-pt\/politica-de-cookies\/","og_locale":"pt_PT","og_type":"article","og_title":"Pol\u00edtica de cookies - Teresianas","og_description":"Esta pol\u00edtica de cookies \u00e9 elaborada em conformidade com as obriga\u00e7\u00f5es estabelecidas no artigo 22.2 da Lei 34\/2002, de 11 de julho, sobre servi\u00e7os da sociedade da informa\u00e7\u00e3o e com\u00e9rcio [&hellip;]","og_url":"https:\/\/teresianaseuropa.org\/pt-pt\/politica-de-cookies\/","og_site_name":"Teresianas","article_modified_time":"2025-01-23T14:00:55+00:00","twitter_card":"summary_large_image","twitter_misc":{"Tempo estimado de leitura":"6 minutos"},"schema":{"@context":"https:\/\/schema.org","@graph":[{"@type":"WebPage","@id":"https:\/\/teresianaseuropa.org\/pt-pt\/politica-de-cookies\/","url":"https:\/\/teresianaseuropa.org\/pt-pt\/politica-de-cookies\/","name":"Pol\u00edtica de cookies - Teresianas","isPartOf":{"@id":"https:\/\/teresianaseuropa.org\/pt-pt\/#website"},"datePublished":"2025-01-23T13:59:23+00:00","dateModified":"2025-01-23T14:00:55+00:00","breadcrumb":{"@id":"https:\/\/teresianaseuropa.org\/pt-pt\/politica-de-cookies\/#breadcrumb"},"inLanguage":"pt-PT","potentialAction":[{"@type":"ReadAction","target":["https:\/\/teresianaseuropa.org\/pt-pt\/politica-de-cookies\/"]}]},{"@type":"BreadcrumbList","@id":"https:\/\/teresianaseuropa.org\/pt-pt\/politica-de-cookies\/#breadcrumb","itemListElement":[{"@type":"ListItem","position":1,"name":"Portada","item":"https:\/\/teresianaseuropa.org\/pt-pt\/irmas-teresianas\/"},{"@type":"ListItem","position":2,"name":"Pol\u00edtica de cookies"}]},{"@type":"WebSite","@id":"https:\/\/teresianaseuropa.org\/pt-pt\/#website","url":"https:\/\/teresianaseuropa.org\/pt-pt\/","name":"Teresianas Europa","description":"","publisher":{"@id":"https:\/\/teresianaseuropa.org\/pt-pt\/#organization"},"potentialAction":[{"@type":"SearchAction","target":{"@type":"EntryPoint","urlTemplate":"https:\/\/teresianaseuropa.org\/pt-pt\/?s={search_term_string}"},"query-input":{"@type":"PropertyValueSpecification","valueRequired":true,"valueName":"search_term_string"}}],"inLanguage":"pt-PT"},{"@type":"Organization","@id":"https:\/\/teresianaseuropa.org\/pt-pt\/#organization","name":"Teresianas Provincia de Europa","url":"https:\/\/teresianaseuropa.org\/pt-pt\/","logo":{"@type":"ImageObject","inLanguage":"pt-PT","@id":"https:\/\/teresianaseuropa.org\/pt-pt\/#\/schema\/logo\/image\/","url":"https:\/\/teresianaseuropa.org\/wp-content\/uploads\/2024\/07\/stjLogo.png","contentUrl":"https:\/\/teresianaseuropa.org\/wp-content\/uploads\/2024\/07\/stjLogo.png","width":376,"height":194,"caption":"Teresianas Provincia de Europa"},"image":{"@id":"https:\/\/teresianaseuropa.org\/pt-pt\/#\/schema\/logo\/image\/"},"sameAs":["https:\/\/www.instagram.com\/teresianaseuropa\/"]}]}},"_links":{"self":[{"href":"https:\/\/teresianaseuropa.org\/pt-pt\/wp-json\/wp\/v2\/pages\/1856","targetHints":{"allow":["GET"]}}],"collection":[{"href":"https:\/\/teresianaseuropa.org\/pt-pt\/wp-json\/wp\/v2\/pages"}],"about":[{"href":"https:\/\/teresianaseuropa.org\/pt-pt\/wp-json\/wp\/v2\/types\/page"}],"author":[{"embeddable":true,"href":"https:\/\/teresianaseuropa.org\/pt-pt\/wp-json\/wp\/v2\/users\/1"}],"replies":[{"embeddable":true,"href":"https:\/\/teresianaseuropa.org\/pt-pt\/wp-json\/wp\/v2\/comments?post=1856"}],"version-history":[{"count":1,"href":"https:\/\/teresianaseuropa.org\/pt-pt\/wp-json\/wp\/v2\/pages\/1856\/revisions"}],"predecessor-version":[{"id":1857,"href":"https:\/\/teresianaseuropa.org\/pt-pt\/wp-json\/wp\/v2\/pages\/1856\/revisions\/1857"}],"wp:attachment":[{"href":"https:\/\/teresianaseuropa.org\/pt-pt\/wp-json\/wp\/v2\/media?parent=1856"}],"curies":[{"name":"wp","href":"https:\/\/api.w.org\/{rel}","templated":true}]}}